{"id":13,"date":"2018-05-01T06:43:07","date_gmt":"2018-05-01T06:43:07","guid":{"rendered":"http:\/\/www.steinhau.com\/quartierlatin-berlin\/wordpress\/?page_id=13"},"modified":"2018-05-01T14:51:17","modified_gmt":"2018-05-01T14:51:17","slug":"der-musikladen","status":"publish","type":"page","link":"http:\/\/www.steinhau.com\/quartierlatin-berlin\/wordpress\/der-musikladen\/","title":{"rendered":"Der Ort"},"content":{"rendered":"<p><strong>Das Quartier Latin in der Potsdamer Strasse<\/strong> war einer der bekanntesten, beliebtesten und bedeutendsten Musikl\u00e4den im Westberlin der 70er und 80er Jahre. Es war B\u00fchne, Kneipe und Knotenpunkt.<\/p>\n<figure id=\"attachment_76\" aria-describedby=\"caption-attachment-76\" style=\"width: 300px\" class=\"wp-caption alignleft\"><a href=\"http:\/\/www.steinhau.com\/quartierlatin-berlin\/wordpress\/wp-content\/uploads\/2018\/05\/Eingang-Quartier-Latin-480breit.png\"><img loading=\"lazy\" decoding=\"async\" data-attachment-id=\"76\" data-permalink=\"http:\/\/www.steinhau.com\/quartierlatin-berlin\/wordpress\/das-buch\/eingang-quartier-latin-480breit\/\" data-orig-file=\"http:\/\/www.steinhau.com\/quartierlatin-berlin\/wordpress\/wp-content\/uploads\/2018\/05\/Eingang-Quartier-Latin-480breit.png\" data-orig-size=\"480,681\" data-comments-opened=\"1\" data-image-meta=\"{&quot;aperture&quot;:&quot;0&quot;,&quot;credit&quot;:&quot;&quot;,&quot;camera&quot;:&quot;&quot;,&quot;caption&quot;:&quot;&quot;,&quot;created_timestamp&quot;:&quot;0&quot;,&quot;copyright&quot;:&quot;&quot;,&quot;focal_length&quot;:&quot;0&quot;,&quot;iso&quot;:&quot;0&quot;,&quot;shutter_speed&quot;:&quot;0&quot;,&quot;title&quot;:&quot;&quot;,&quot;orientation&quot;:&quot;0&quot;}\" data-image-title=\"Eingang Quartier Latin 480breit\" data-image-description=\"\" data-image-caption=\"&lt;p&gt;Der Eingang des Quartier Latin. Foto: @ Marco Sa\u00df&lt;\/p&gt;\n\" data-medium-file=\"http:\/\/www.steinhau.com\/quartierlatin-berlin\/wordpress\/wp-content\/uploads\/2018\/05\/Eingang-Quartier-Latin-480breit-211x300.png\" data-large-file=\"http:\/\/www.steinhau.com\/quartierlatin-berlin\/wordpress\/wp-content\/uploads\/2018\/05\/Eingang-Quartier-Latin-480breit.png\" class=\"wp-image-76\" src=\"http:\/\/www.steinhau.com\/quartierlatin-berlin\/wordpress\/wp-content\/uploads\/2018\/05\/Eingang-Quartier-Latin-480breit.png\" alt=\"\" width=\"300\" height=\"426\" srcset=\"http:\/\/www.steinhau.com\/quartierlatin-berlin\/wordpress\/wp-content\/uploads\/2018\/05\/Eingang-Quartier-Latin-480breit.png 480w, http:\/\/www.steinhau.com\/quartierlatin-berlin\/wordpress\/wp-content\/uploads\/2018\/05\/Eingang-Quartier-Latin-480breit-211x300.png 211w\" sizes=\"auto, (max-width: 300px) 100vw, 300px\" \/><\/a><figcaption id=\"caption-attachment-76\" class=\"wp-caption-text\">Der Eingang des Quartier Latin. Foto: \u00a9 Marco Sa\u00df<\/figcaption><\/figure>\n<h4>Bekannter Musikladen<\/h4>\n<p>1970 gegr\u00fcndet von einem Studentenkollektiv als alternative Kneipe mit B\u00fchne, machte sich das <b>Quartier Latin<\/b> ab den fr\u00fchen 70ern einen Namen als vielseitiger Spielort. Erst f\u00fcr Folk &amp; Jazz, Blues &amp; Politrock, Sub- &amp; Gegenkulturen, sp\u00e4ter f\u00fcr alle Varianten jenseits der E-Musik \u2013 und noch einiges mehr. Bis Ende 1989 gab es fast t\u00e4glich Konzerte von lokalen, regionalen und internationalen Acts. Weit \u00fcber die Grenzen Westberlins hinaus bekannt, ragte es aus der vielf\u00e4ltigen und ber\u00fchmten Kulturlandschaft der Mauerstadt heraus als offener, sympathischer, kulturell attraktiver Szene-Treffpunkt, der jedoch wirtschaftlich stets auf dem schmalen Grad des \u00dcberlebens balancierte.<\/p>\n<h4>Beliebter Kulturknotenpunkt<\/h4>\n<p>Der ehemalige Kinosaal in der oberen Potsdamer Strasse, unweit der Nationalgalerie, erfreute sich mit seiner Zwischengr\u00f6\u00dfe f\u00fcr rund 800 Leute und rauhem Charme konstanter Zuneigung, quer durch alle Szenen und Schichten. Saal und B\u00fchne waren gro\u00df genug f\u00fcr Shows von internationalem Format und klein genug f\u00fcr die N\u00e4he eines Clubs. Immer hart am Verfall und inmitten eines verrufenen Kiezes lebte die Atmosph\u00e4re des \u201e<b>Quartier\u201c <\/b>vom \u201ePotse-Flair\u201c, damals rot- wie zwielichtig, doch nie abgeschrieben. Das \u201e<b>Quartier\u201c<\/b>, Kiezkneipe und Kulturknotenpunkt, war eine feste Gr\u00f6\u00dfe, ein (H)Ort der Westberliner Identit\u00e4t.<\/p>\n<h4>Bedeutende B\u00fchne<\/h4>\n<p>Sp\u00e4testens ab den 80er Jahren galt das <b>Quartier Latin<\/b> als eine der bedeutendsten Berliner B\u00fchnen f\u00fcr Jazz, Rock und Artverwandtes. Ein Schmelztiegel der Sub-Szenen, ein Pr\u00fcfstein f\u00fcr\u2019s K\u00f6nnen: Wer hier bestand, durfte auch gr\u00f6\u00dfer denken. <i>Nina<\/i> <i>Hagen<\/i>, <i>Die<\/i> <i>\u00c4rzte<\/i>, <i>Interzone<\/i>, <i>Morgenrot, und, und, und\u00a0<\/i> \u2013 im Quartier starteten (Welt-)Karrieren; <i>Kraan<\/i>, <i>Grobschnitt<\/i>, <i>Guru<\/i> <i>Guru<\/i> \u2013 das <b>Quartier Latin<\/b> erlebte legend\u00e4re Aufnahmen und Shows; <i>Chet<\/i> <i>Baker<\/i>, <i>Alvin<\/i> <i>Lee<\/i>, <i>The<\/i> <i>Eurythmics<\/i> \u2013 sie alle spielten im <b>Quartier<\/b>.<\/p>\n","protected":false},"excerpt":{"rendered":"<p>Das Quartier Latin in der Potsdamer Strasse war einer der bekanntesten, beliebtesten und bedeutendsten Musikl\u00e4den im Westberlin der 70er und<\/p>\n","protected":false},"author":1,"featured_media":0,"parent":0,"menu_order":0,"comment_status":"closed","ping_status":"closed","template":"","meta":{"jetpack_post_was_ever_published":false,"footnotes":""},"class_list":["post-13","page","type-page","status-publish","hentry","comments-off"],"jetpack_sharing_enabled":true,"jetpack_shortlink":"https:\/\/wp.me\/P9SoaN-d","jetpack-related-posts":[],"jetpack_likes_enabled":true,"_links":{"self":[{"href":"http:\/\/www.steinhau.com\/quartierlatin-berlin\/wordpress\/wp-json\/wp\/v2\/pages\/13","targetHints":{"allow":["GET"]}}],"collection":[{"href":"http:\/\/www.steinhau.com\/quartierlatin-berlin\/wordpress\/wp-json\/wp\/v2\/pages"}],"about":[{"href":"http:\/\/www.steinhau.com\/quartierlatin-berlin\/wordpress\/wp-json\/wp\/v2\/types\/page"}],"author":[{"embeddable":true,"href":"http:\/\/www.steinhau.com\/quartierlatin-berlin\/wordpress\/wp-json\/wp\/v2\/users\/1"}],"replies":[{"embeddable":true,"href":"http:\/\/www.steinhau.com\/quartierlatin-berlin\/wordpress\/wp-json\/wp\/v2\/comments?post=13"}],"version-history":[{"count":12,"href":"http:\/\/www.steinhau.com\/quartierlatin-berlin\/wordpress\/wp-json\/wp\/v2\/pages\/13\/revisions"}],"predecessor-version":[{"id":109,"href":"http:\/\/www.steinhau.com\/quartierlatin-berlin\/wordpress\/wp-json\/wp\/v2\/pages\/13\/revisions\/109"}],"wp:attachment":[{"href":"http:\/\/www.steinhau.com\/quartierlatin-berlin\/wordpress\/wp-json\/wp\/v2\/media?parent=13"}],"curies":[{"name":"wp","href":"https:\/\/api.w.org\/{rel}","templated":true}]}}