{"id":216,"date":"2018-06-11T08:50:03","date_gmt":"2018-06-11T08:50:03","guid":{"rendered":"http:\/\/www.steinhau.com\/quartierlatin-berlin\/wordpress\/?page_id=216"},"modified":"2018-08-30T07:27:42","modified_gmt":"2018-08-30T07:27:42","slug":"die-crowdfunding-kampagne","status":"publish","type":"page","link":"http:\/\/www.steinhau.com\/quartierlatin-berlin\/wordpress\/die-crowdfunding-kampagne\/","title":{"rendered":"Die Crowdfunding-Kampagne"},"content":{"rendered":"<p>F\u00fcr den Druck des Buches warben wir gemeinsam mit dem Berliner L+H Verlag ab Anfang Mai 2018 um Unterst\u00fctzung. Unsere Crowdfunding-Kampagne bei VisionBakery lief 55 Tage und wir erreichten am Ende knapp \u00fcber 15.000 Euro. Das war ein wilder Ritt, eine spezielle Erfahrung und vor allem eine erhebende Erkenntnis: F\u00fcr \u00a0B\u00fccher mit Erinnerungen und Dokumentationen zur Stadt- und Musikkultur im Allgemeinen und am Quartier Latin gibt es offenbar hinreichend gro\u00dfes Interesse. Wir bedanken uns bei all den tollen, gro\u00dfz\u00fcgigen und engagierten Unterst\u00fctzerinnen und Unterst\u00fctzern! Zur Webseite unserer erfolgreich abgeschlossenen Kampagne:\u00a0<a href=\"http:\/\/www.visionbakery.com\/quartierlatin-berlin\">http:\/\/www.visionbakery.com\/quartierlatin-berlin<\/a><\/p>\n<p><iframe loading=\"lazy\" src=\"http:\/\/www.visionbakery.com\/deliver-project-teaser\/6313\" width=\"460px\" height=\"198px\" frameborder=\"0\" scrolling=\"no\"><\/iframe><\/p>\n","protected":false},"excerpt":{"rendered":"<p>F\u00fcr den Druck des Buches warben wir gemeinsam mit dem Berliner L+H Verlag ab Anfang Mai 2018 um Unterst\u00fctzung. Unsere<\/p>\n","protected":false},"author":1,"featured_media":0,"parent":0,"menu_order":0,"comment_status":"closed","ping_status":"closed","template":"","meta":{"jetpack_post_was_ever_published":false,"footnotes":""},"class_list":["post-216","page","type-page","status-publish","hentry","comments-off"],"jetpack_sharing_enabled":true,"jetpack_shortlink":"https:\/\/wp.me\/P9SoaN-3u","jetpack-related-posts":[],"jetpack_likes_enabled":true,"_links":{"self":[{"href":"http:\/\/www.steinhau.com\/quartierlatin-berlin\/wordpress\/wp-json\/wp\/v2\/pages\/216","targetHints":{"allow":["GET"]}}],"collection":[{"href":"http:\/\/www.steinhau.com\/quartierlatin-berlin\/wordpress\/wp-json\/wp\/v2\/pages"}],"about":[{"href":"http:\/\/www.steinhau.com\/quartierlatin-berlin\/wordpress\/wp-json\/wp\/v2\/types\/page"}],"author":[{"embeddable":true,"href":"http:\/\/www.steinhau.com\/quartierlatin-berlin\/wordpress\/wp-json\/wp\/v2\/users\/1"}],"replies":[{"embeddable":true,"href":"http:\/\/www.steinhau.com\/quartierlatin-berlin\/wordpress\/wp-json\/wp\/v2\/comments?post=216"}],"version-history":[{"count":4,"href":"http:\/\/www.steinhau.com\/quartierlatin-berlin\/wordpress\/wp-json\/wp\/v2\/pages\/216\/revisions"}],"predecessor-version":[{"id":232,"href":"http:\/\/www.steinhau.com\/quartierlatin-berlin\/wordpress\/wp-json\/wp\/v2\/pages\/216\/revisions\/232"}],"wp:attachment":[{"href":"http:\/\/www.steinhau.com\/quartierlatin-berlin\/wordpress\/wp-json\/wp\/v2\/media?parent=216"}],"curies":[{"name":"wp","href":"https:\/\/api.w.org\/{rel}","templated":true}]}}