{"id":60,"date":"2018-05-01T10:34:29","date_gmt":"2018-05-01T10:34:29","guid":{"rendered":"http:\/\/www.steinhau.com\/quartierlatin-berlin\/wordpress\/?page_id=60"},"modified":"2019-03-11T13:55:32","modified_gmt":"2019-03-11T13:55:32","slug":"die-autoren","status":"publish","type":"page","link":"http:\/\/www.steinhau.com\/quartierlatin-berlin\/wordpress\/die-autoren\/","title":{"rendered":"Die Autoren"},"content":{"rendered":"<p><iframe loading=\"lazy\" src=\"https:\/\/player.vimeo.com\/video\/322749674\" width=\"640\" height=\"360\" frameborder=\"0\" allowfullscreen=\"allowfullscreen\"><\/iframe><\/p>\n<p><em>Video: Andrea R\u00e4uber + Frans Katzwinkel\/<a href=\"https:\/\/www.facebook.com\/Klaudieb.Miezkurve.Films\/\">Klaudieb &amp; Miezkurve Films<\/a><\/em><\/p>\n<p><b>Marco Sa\u00df (rechts im Bild)\u00a0<\/b>hat als Jugendlicher und Sohn der Betreiber Christa und Manfred \u201eManne\u201c Sa\u00df die gesamte Entwicklung des Quartier Latin unmittelbar erlebt. Als Fotograf hielt er zahlreiche Impressionen aus dem wichtigsten Berliner Jazz- und Rock-Laden fest und<span class=\"Apple-converted-space\">\u00a0 <\/span>baute so einen gro\u00dfen Fundus hervorragender Schwarzwei\u00df-Fotografien auf. Zudem trug er umfangreiche Best\u00e4nde an originalen Konzertplakaten, Eintrittskarten, Programmzetteln und Devotionalien aus dem Quartier Latin zusammen, die das reichhaltig bebilderte Buch so authentisch machen.<\/p>\n<p><b>Henry Steinhau, <\/b>Musikjournalist, Kulturredakteur und Kenner des Quartier Latin als Besucher, hat das Leben des Quartier Latin aufgeschrieben und anhand zahlreicher Interviews aufgearbeitet. F\u00fcr ihn z\u00e4hlte das\u00a0Quartier Latin\u00a0in den 1980er Jahren und im Laufe von wohl \u00fcber 100 dort erlebten Konzerten zu seiner h\u00e4ufigsten Wirkungsst\u00e4tte. Mit unverkrampftem, augenzwinkerndem Stil f\u00fchrt er durch Geschichten und Geschichte, Erz\u00e4hlungen und Stories, verbindet Erlebnisse und Erkenntnisse.<\/p>\n","protected":false},"excerpt":{"rendered":"<p>Video: Andrea R\u00e4uber + Frans Katzwinkel\/Klaudieb &amp; Miezkurve Films Marco Sa\u00df (rechts im Bild)\u00a0hat als Jugendlicher und Sohn der Betreiber<\/p>\n","protected":false},"author":1,"featured_media":0,"parent":0,"menu_order":0,"comment_status":"closed","ping_status":"closed","template":"","meta":{"jetpack_post_was_ever_published":false,"footnotes":""},"class_list":["post-60","page","type-page","status-publish","hentry","comments-off"],"jetpack_sharing_enabled":true,"jetpack_shortlink":"https:\/\/wp.me\/P9SoaN-Y","jetpack-related-posts":[],"jetpack_likes_enabled":true,"_links":{"self":[{"href":"http:\/\/www.steinhau.com\/quartierlatin-berlin\/wordpress\/wp-json\/wp\/v2\/pages\/60","targetHints":{"allow":["GET"]}}],"collection":[{"href":"http:\/\/www.steinhau.com\/quartierlatin-berlin\/wordpress\/wp-json\/wp\/v2\/pages"}],"about":[{"href":"http:\/\/www.steinhau.com\/quartierlatin-berlin\/wordpress\/wp-json\/wp\/v2\/types\/page"}],"author":[{"embeddable":true,"href":"http:\/\/www.steinhau.com\/quartierlatin-berlin\/wordpress\/wp-json\/wp\/v2\/users\/1"}],"replies":[{"embeddable":true,"href":"http:\/\/www.steinhau.com\/quartierlatin-berlin\/wordpress\/wp-json\/wp\/v2\/comments?post=60"}],"version-history":[{"count":7,"href":"http:\/\/www.steinhau.com\/quartierlatin-berlin\/wordpress\/wp-json\/wp\/v2\/pages\/60\/revisions"}],"predecessor-version":[{"id":631,"href":"http:\/\/www.steinhau.com\/quartierlatin-berlin\/wordpress\/wp-json\/wp\/v2\/pages\/60\/revisions\/631"}],"wp:attachment":[{"href":"http:\/\/www.steinhau.com\/quartierlatin-berlin\/wordpress\/wp-json\/wp\/v2\/media?parent=60"}],"curies":[{"name":"wp","href":"https:\/\/api.w.org\/{rel}","templated":true}]}}