{"id":62,"date":"2018-05-01T10:42:46","date_gmt":"2018-05-01T10:42:46","guid":{"rendered":"http:\/\/www.steinhau.com\/quartierlatin-berlin\/wordpress\/?page_id=62"},"modified":"2018-05-01T12:01:43","modified_gmt":"2018-05-01T12:01:43","slug":"impressum","status":"publish","type":"page","link":"http:\/\/www.steinhau.com\/quartierlatin-berlin\/wordpress\/impressum\/","title":{"rendered":"Impressum"},"content":{"rendered":"<p>HENRY<strong> STEINHAU<br \/>\n<\/strong>Irmgardstrasse 29<br \/>\n<strong>14169 Berlin<\/strong><br \/>\nquartierlatin@hest.de<\/p>\n<p><strong>Verantwortungsbereich<br \/>\n<\/strong>Das Impressum gilt nur f\u00fcr diese Webseite mit der URL \u201ewww.hest.de\u201c.<\/p>\n<p><strong>Haftungshinweis<br \/>\n<\/strong>Trotz sorgf\u00e4ltiger inhaltlicher Kontrolle \u00fcbernehme ich keine Haftung f\u00fcr die Inhalte externer Links. F\u00fcr den Inhalt der verlinkten Seiten sind ausschlie\u00dflich deren Betreiber verantwortlich.<\/p>\n<p>Bei direkten oder indirekten Verweisen auf fremde Webseiten, die au\u00dferhalb des Verantwortungsbereiches des jeweiligen Autors liegen, w\u00fcrde eine Haftungsverpflichtung ausschlie\u00dflich in dem Fall in Kraft treten, in dem der Autor\/die Autorin von den Inhalten Kenntnis haben und es ihnen technisch m\u00f6glich und zumutbar w\u00e4re, die Nutzung im Falle rechtswidriger Inhalte zu verhindern. Deshalb erkl\u00e4re ich hiermit ausdr\u00fccklich, dass zum Zeitpunkt der Verkn\u00fcpfung (Link-Setzung) keine illegalen Inhalte auf den entsprechenden Seiten erkennbar waren. Auf die aktuelle und zuk\u00fcnftige Gestaltung, die Inhalte oder die Urheberschaft der verkn\u00fcpften Seiten habe ich keinerlei Einfluss.<\/p>\n","protected":false},"excerpt":{"rendered":"<p>HENRY STEINHAU Irmgardstrasse 29 14169 Berlin quartierlatin@hest.de Verantwortungsbereich Das Impressum gilt nur f\u00fcr diese Webseite mit der URL \u201ewww.hest.de\u201c. Haftungshinweis<\/p>\n","protected":false},"author":1,"featured_media":0,"parent":0,"menu_order":0,"comment_status":"closed","ping_status":"closed","template":"","meta":{"jetpack_post_was_ever_published":false,"footnotes":""},"class_list":["post-62","page","type-page","status-publish","hentry","comments-off"],"jetpack_sharing_enabled":true,"jetpack_shortlink":"https:\/\/wp.me\/P9SoaN-10","jetpack-related-posts":[],"jetpack_likes_enabled":true,"_links":{"self":[{"href":"http:\/\/www.steinhau.com\/quartierlatin-berlin\/wordpress\/wp-json\/wp\/v2\/pages\/62","targetHints":{"allow":["GET"]}}],"collection":[{"href":"http:\/\/www.steinhau.com\/quartierlatin-berlin\/wordpress\/wp-json\/wp\/v2\/pages"}],"about":[{"href":"http:\/\/www.steinhau.com\/quartierlatin-berlin\/wordpress\/wp-json\/wp\/v2\/types\/page"}],"author":[{"embeddable":true,"href":"http:\/\/www.steinhau.com\/quartierlatin-berlin\/wordpress\/wp-json\/wp\/v2\/users\/1"}],"replies":[{"embeddable":true,"href":"http:\/\/www.steinhau.com\/quartierlatin-berlin\/wordpress\/wp-json\/wp\/v2\/comments?post=62"}],"version-history":[{"count":2,"href":"http:\/\/www.steinhau.com\/quartierlatin-berlin\/wordpress\/wp-json\/wp\/v2\/pages\/62\/revisions"}],"predecessor-version":[{"id":99,"href":"http:\/\/www.steinhau.com\/quartierlatin-berlin\/wordpress\/wp-json\/wp\/v2\/pages\/62\/revisions\/99"}],"wp:attachment":[{"href":"http:\/\/www.steinhau.com\/quartierlatin-berlin\/wordpress\/wp-json\/wp\/v2\/media?parent=62"}],"curies":[{"name":"wp","href":"https:\/\/api.w.org\/{rel}","templated":true}]}}