{"id":15,"date":"2018-05-01T06:44:43","date_gmt":"2018-05-01T06:44:43","guid":{"rendered":"http:\/\/www.steinhau.com\/quartierlatin-berlin\/wordpress\/?page_id=15"},"modified":"2018-11-30T17:14:52","modified_gmt":"2018-11-30T17:14:52","slug":"die-aera","status":"publish","type":"page","link":"https:\/\/www.steinhau.com\/quartierlatin-berlin\/wordpress\/die-aera\/","title":{"rendered":"Die \u00c4ra"},"content":{"rendered":"<h3><b>1970<\/b><\/h3>\n<p><span style=\"color: #808080;\">Salvador Allende wird Pr\u00e4sident in Chile. Die Rote Armee Fraktion wird gegr\u00fcndet. Willy Brandt trifft in Erfurt Willi Stoph. Die Alliierten starten Verhandlungen zum Berlin-Abkommen. Die Bundesrepublik Deutschland und Polen unterzeichnen den Warschauer Vertrag.<\/span><\/p>\n<p><span style=\"color: #808080;\">Die ARD strahlt den allerersten Tatort \u201eTaxi nach Leipzig\u201c aus. Die Beatles trennen sich und ver\u00f6ffentlichen ihr letztes Album \u201eLet it Be\u201c. Jimi Hendrix stirbt. Die Band Queen gr\u00fcndet sich. Die Band Kraftwerk gr\u00fcndet sich. In den deutschen Album Charts dominieren James Last, die Beatles, Led Zeppelin, Simon &amp; Garfunkel und Deep Purple.<\/span><\/p>\n<p>Ein studentisches Kollektiv \u00fcbernimmt das\u00a0abgehalfterte Kino BTL in der Potsdamer Stra\u00dfe und verwandelt \u00a0es in das <b>Quartier Latin<\/b>, ein\u00a0\u201eBistro\u201c\u00a0mit altr\u00f6mischer K\u00fcche und Saal. F\u00fcr Jazz, Folklore, Kino und TANZ.<\/p>\n<p>Erste Konzerte finden dort im November 1970 statt. Im Rahmen des viert\u00e4gigen <b>Total Music Meeting<\/b> spielen <i>Derek Bailey<\/i>, die <i>Evan Parker Group,<\/i> die <i>Gunter Hampel Group<\/i>, <i>Br\u00f6tzmann\/van Hove\/Bennink<\/i> und <i>Alexander von Schlippenbach<\/i>. Im Dezember treten bei den eine ganze Woche andauernden <b>Berliner Song- und Kabarett-Tage<\/b>n unter anderem <i>Witth\u00fcser &amp; Westrup<\/i>, <i>Hannes Wader,<\/i> <i>Schobert &amp; Black<\/i>, <i>Floh de Cologne<\/i> und <i>Interpol<\/i> auf.<\/p>\n<h3><b>1971<\/b><\/h3>\n<p><span style=\"color: #808080;\">Helmut Schmidt verf\u00fcgt als Bundesverteidigungsminister den Haarnetz-Erlass, der das Tragen langer Haare bei der deutschen Bundeswehr erlaubt. Erich Honecker wird in der DDR Nachfolger von Walter Ulbricht als Erster Sekret\u00e4r des Zentralkomitees der SED. Das Magazin Stern startet die Kampagne \u201eWir haben abgetrieben!\u201c Unterzeichnung des<span class=\"Apple-converted-space\">\u00a0 <\/span>Vierm\u00e4chteabkommens \u00fcber Berlin sowie des Transitabkommens zwischen BRD und DDR.\u00a0Im M\u00e4rz strahlt die ARD erstmals die Sendung mit der Maus aus.<\/span><\/p>\n<p><span style=\"color: #808080;\">Zahlreiche Jahrhundert-Alben erschienen: Led Zeppelins \u201eIV\u201c mit der unsterblichen Rockballade \u201eStairway to Heaven\u201c, David Bowies \u201eHunky Dory\u201c, Marvin Gayes \u201eWhat\u2019s Going On\u201c, Jethro Tulls \u201eAqualung\u201c, Gil Scott Herons \u201ePieces of A Man\u201c \u2013\u00a0Scott Heron tritt\u00a0in den 80ern insgesamt viermal im Quartier Latin auf.<\/span><\/p>\n<p><b>Das Quartier Latin, als Hybrid aus\u00a0Bistro-Kneipe und Livemusik-Schuppen<\/b>, bietet nun schon rund ums Jahr Konzerte in stilistisch gro\u00dfer Bandbreite. Unter anderem das <b>Oldtimer Jazz Meeting<\/b> mit den <i>Kreuzberg Stompers<\/i>, den <i>Jazzing Babies<\/i>, der <i>Dixiegroup Berlin<\/i> und der <i>Henschelgroup<\/i>. <b>Konzerte von Ton Steine Scherben<\/b>. Mehrere mehrt\u00e4gige Konzertreihen des Blues-Originals <i>Champion Jack Dupree<\/i>. Krautrock mit <i>Agitation Free\/Ashra Temple<\/i> (bei beiden spielt\u00a0der junge Lutz Ulbrich mit, heute als <i>L\u00fc\u00fcl<\/i> bekannt). Als \u201eBl\u00f6del-Barden\u201c gelabelt: <i>Insterburg &amp; Co<\/i>. <b>Liedermacher<\/b> <i>Ulrich Roski<\/i> und <i>Hannes Wader &amp;\u00a0Werner L\u00e4mmerhirt<\/i>. Improvisationsmusik beim <b>Free Music Market<\/b>, unter anderem mit der <i>Peter Br\u00f6tzmann Group<\/i>, dem <i>Manfred Schoof Quartett<\/i> und <i>Alexander von Schlippenbach Quartett<\/i>.<\/p>\n<h3><b>1972<\/b><\/h3>\n<p><span style=\"color: #808080;\">Die BRD und die DDR schlie\u00dfen im Zuge der Neuen Ostpolitik unter Bundeskanzler Willy Brandt das Transitabkommen und den Grundlagenvertrag ab. In M\u00fcnster findet die erste deutsche Schwulendemo statt, die DDR erlaubt Abtreibungen, die BRD senkt das aktive Wahlalter auf 18 Jahre. In den USA kommt die erste Spielkonsole auf den Markt (Magnavox Odyssey), in Kalifornien startet \u2013 als Automatenhersteller \u2013 der sp\u00e4tere Videospielproduzent Atari, in Deutschland gr\u00fcnden f\u00fcnf Ex-IBMler die Softwarefirma SAP. <\/span><\/p>\n<p><span style=\"color: #808080;\">Im April erblickt die Erstausgabe des Comicmagazins Zack das Licht der Kioske, das deutsche Fernsehen zeigt die allererste Folge von Star Trek und des\u00a0\u201eMusikladen, eine Show mit\u00a0Pop und Rock und langen Haaren. In Ostberlin gr\u00fcndet sich die Rockgruppe <i>City<\/i> \u2013 sie wird 16 Jahre sp\u00e4ter, im M\u00e4rz 1988, auch im Westberliner Quartier Latin spielen.<\/span><\/p>\n<p><b>Das Quartier Latin erlebt 1972<\/b> die dreit\u00e4gige <b>Riesenosterfete<\/b> mit den<i> Salty Dogs<\/i>, der <i>Omega Jazzband<\/i> und <i>Whoopees<\/i>; der <b>Bluesmusiker<\/b> <i>Memphis Slim<\/i> gibt sechs Konzerte und zu jeweils mehrt\u00e4gigen Dauergaststpielen stehen <i>Anne Morre<\/i>, <b>Linkskabarettist<\/b> <i>Dieterich Kittner<\/i>, <i>Champion Jack Dupree<\/i> und <i>Lokomotive Kreuzberg<\/i> auf der B\u00fchne. Die<b> Berliner Volkstheater Cooperative<\/b> bietet drei Tage lang Politrockspektakel mit <i>Hoffmann\u2018s Comic Teater<\/i>, <i>Lok Kreuzberg<\/i> und <i>Peter Keiler.<\/i> Noch konkreter politisch positioniert sich\u00a0die <b>Vollversammlung zugunsten Amnesty International<\/b>, unter anderm mit <i>Ulrich Roski<\/i>, <i>Hannes Wader<\/i>, <i>Insterburg &amp; Co<\/i>, <i>Dieter Kosanke<\/i>, <i>Das Fenster<\/i> und <i>Konstantin Papanastasi<\/i>. Ebenfalls sehr typisch f\u00fcr diese politkulturell aufgeladenen Quartier-Latin Zeit war das <b>Benefiz-Folklorekonzert zugunsten des in Spanien verhafteten Robert St<\/b>.<\/p>\n<p>Ach, und <strong>seit dem Sp\u00e4tsommer 1972<\/strong> ist <em>Manfred Sa\u00df<\/em> der\u00a0P\u00e4chter des Quartier Latin \u2013 und wird\u00a0es zusammen mit seiner Frau <em>Christa<\/em> bis Ende 1989 auch bleiben.<\/p>\n<h3><b>1973<\/b><\/h3>\n<p><span style=\"color: #808080;\">Die Vereinten Nationen (UN) nehmen die Bundesrepublik Deutschland und die Deutsche Demokratische Republik per Akklamation als 133. und 134. Mitglied \u00a0auf. Aufgrund der anhaltenden \u00d6lkrise gilt in der BRD im November erstmals das allgemeine Sonntagsfahrverbot f\u00fcr PKW- und LKW.<\/span><\/p>\n<p><span style=\"color: #808080;\">Im M\u00e4rz kommt \u201eThe Dark Side of the Moon\u201c von Pink Floyd heraus, im Juni feiert das Musical The Rocky Horror Show in London Premiere und in Sydney gr\u00fcnden die Br\u00fcder Malcolm and Angus Young die Hard-Rock-Band AC\/DC.<\/span><\/p>\n<p><span style=\"color: #808080;\">Und in New York geht der Club CBGB an den Start. Da hatte das Quartier Latin schon fast drei Jahre offen.<\/span><\/p>\n<p><strong>Im Quartier Latin gab es 1973 wieder zw\u00f6lf Monate volles Programm.<\/strong> Dazu z\u00e4hlten zwei Abende mit <em>Big Joe Williams<\/em>, dreimal zwei Abende <em>Os Mundi<\/em> (deren Konzertplakate <em>Erik Spiekermann<\/em> gestaltete), drei Abende hintereinander <em>Otto Walkes<\/em>! Die namhaften Bluesmusiker <em>Eddie Boyd und Errol Dixon, Whispering Smith &amp; Lightning Slim, Sonny Terry &amp; Brownie Mc Ghee<\/em> traten jeweils mehrfach auf. Das f\u00fcnft\u00e4gige <strong>Total Music Meeting bot Free Jazz<\/strong>, unter anderem vom <em>Albert Mangelsdorff Quintett, dem Globe Unity Orchestra<\/em>. Die Formation <em>Bakmak<\/em> trat auf (eine <strong>Jazz-Rock-Fusion-Band,<\/strong> in der auch <em>Reinhold Heil<\/em> spielte, sp\u00e4ter <em>Nina Hagen Band<\/em> und <em>Spliff<\/em>), sowie <em>Floh de Cologne<\/em>, <em>Lok Kreuzberg<\/em> und <em>Eloy<\/em>. Dann startete auch die Reihe <strong>\u201eSongs in der Kneipe\u201c<\/strong>, mit den K\u00fcnstlern <em>Michael Thilo, Bernie W\u00fcrfel, Wolfgang M\u00fcller, Ramesh, Trevor &amp; James und Winfried Mewes<\/em>, die zudem in weiteren Kombinationen viele weitere Konzertabende und eine Weihnachstfete am Heiligabend bestritten. Und nat\u00fcrlich wieder <strong>dutzende Abende mit dem Bluesmusiker<\/strong> <em>Champion Jack Dupree.<\/em><\/p>\n<h3><b>1974<\/b><\/h3>\n<p><span style=\"color: #808080;\">Die Guillaume-Spionageaff\u00e4re beherrscht ab Fr\u00fchjahr das politische Geschehen, in der Folge tritt Bundeskanzler Willy Brandt von seinem Amt zur\u00fcck\u00a0\u2013 und das\u00a0kurz nachdem in Bonn und Ostberlin die st\u00e4ndigen Vertretungen der beiden deutschen Staaten \u00f6ffneten. Helmut Schmidt wird Nachfolger Brandts, die DDR erh\u00e4lt weitere internationale Anerkennungen als eigenst\u00e4ndiger Staat.<span class=\"Apple-converted-space\">\u00a0<\/span><\/span><\/p>\n<p><span style=\"color: #808080;\">Im Oktober startet das ZDF die Krimiserie Derrick, sie wird die am meisten ins Ausland verkaufte deutsche Serie aller Zeiten.<span class=\"Apple-converted-space\">\u00a0<\/span>Popmusikalisch ist 1974 das Jahr von Glam Rock, Acts wie Gary Glitter und die Rubettes f\u00fchren die Charts an. Zugleich begr\u00fcnden und pr\u00e4gen Genesis und andere das Genre Progressive Rock. Die Discowelle baut sich langsam auf und mit dem unkaputtbaren Ohrwurm Waterloo gewinnt ABBA nicht nur den Grand Prix d&#8217;Eurovision de la Chanson sondern auch die Herzen von Millionen Fans. Doch auch der Punk zeigt 1974 erste Knospen, mit der Gr\u00fcndung der Ramones in New York, zum Beispiel. Und das im November erscheinende Kraftwerk-Album Autobahn erreicht internationale Top-10-Platzierungen und legt den Grundstein, besser, den Grundklang f\u00fcr Electro und Techno.<\/span><\/p>\n<p><strong>F\u00fcr das Quartier Latin ist 1974 ein ereignisreiches Jah<\/strong>r \u2013 was auch daran liegt, dass Klaus Achterberg erstmals als Programmmacher einsteigt und sogleich in die Vollen geht. So gastieren im M\u00e4rz <strong>vier Abende hintereinander <em>Udo Lindenberg &amp; sein Panikorchester,<\/em><\/strong> im September <em>Peter Herbolzheimer<\/em> f\u00fcr zwei und <em>Volker Kriegel<\/em> f\u00fcr drei Konzerte sowie <strong>der legend\u00e4re Jazzgeiger<\/strong> <em>Stephane Grapelli mit seinem Hot Club of London<\/em>. Die <strong>Berliner Musiker Initiative<\/strong> feiert drei Abende lang ihr einj\u00e4hriges Jubli\u00e4um \u2013 mit dabei unter anderem <em>Embryo<\/em>, <em>Agitation Free<\/em> und <em>Holger M\u00fcnzers 1848<\/em>.<\/p>\n<p>Au\u00dferdem \u2013 unter vielen, vielen anderen \u2013 Konzerte von <em>Pell Mell, Curly Curve, Sands Family, Karthago, Rockcypfel (!), Release Music Orchestra<\/em> und vielen Folk- und Jazz-Acts. Auf dem Programm stehen auch wieder mehrt\u00e4gige Gastspiele von <em>Lok Kreuzberg, Floh de Cologne, Dietrich Kittner <\/em>und<em> Champion Jack Dupree<\/em>. Und im Oktober finden <strong>jene\u00a0zwei Konzerte von Kraan<\/strong> statt, die als mega-erfolgreiches Live-Album besonders ber\u00fchmt werden sollen \u2013 <strong>doch dazu mehr in unserem Buch.<\/strong><\/p>\n<p>[wird erweitert]<\/p>\n","protected":false},"excerpt":{"rendered":"<p>1970 Salvador Allende wird Pr\u00e4sident in Chile. Die Rote Armee Fraktion wird gegr\u00fcndet. Willy Brandt trifft in Erfurt Willi Stoph.<\/p>\n","protected":false},"author":1,"featured_media":0,"parent":0,"menu_order":0,"comment_status":"closed","ping_status":"closed","template":"","meta":{"jetpack_post_was_ever_published":false,"footnotes":""},"class_list":["post-15","page","type-page","status-publish","hentry","comments-off"],"jetpack_sharing_enabled":true,"jetpack_shortlink":"https:\/\/wp.me\/P9SoaN-f","jetpack-related-posts":[],"jetpack_likes_enabled":true,"_links":{"self":[{"href":"https:\/\/www.steinhau.com\/quartierlatin-berlin\/wordpress\/wp-json\/wp\/v2\/pages\/15","targetHints":{"allow":["GET"]}}],"collection":[{"href":"https:\/\/www.steinhau.com\/quartierlatin-berlin\/wordpress\/wp-json\/wp\/v2\/pages"}],"about":[{"href":"https:\/\/www.steinhau.com\/quartierlatin-berlin\/wordpress\/wp-json\/wp\/v2\/types\/page"}],"author":[{"embeddable":true,"href":"https:\/\/www.steinhau.com\/quartierlatin-berlin\/wordpress\/wp-json\/wp\/v2\/users\/1"}],"replies":[{"embeddable":true,"href":"https:\/\/www.steinhau.com\/quartierlatin-berlin\/wordpress\/wp-json\/wp\/v2\/comments?post=15"}],"version-history":[{"count":9,"href":"https:\/\/www.steinhau.com\/quartierlatin-berlin\/wordpress\/wp-json\/wp\/v2\/pages\/15\/revisions"}],"predecessor-version":[{"id":398,"href":"https:\/\/www.steinhau.com\/quartierlatin-berlin\/wordpress\/wp-json\/wp\/v2\/pages\/15\/revisions\/398"}],"wp:attachment":[{"href":"https:\/\/www.steinhau.com\/quartierlatin-berlin\/wordpress\/wp-json\/wp\/v2\/media?parent=15"}],"curies":[{"name":"wp","href":"https:\/\/api.w.org\/{rel}","templated":true}]}}